{"id":3379,"date":"2026-03-13T09:25:31","date_gmt":"2026-03-13T08:25:31","guid":{"rendered":"https:\/\/tedeschiwines.com\/dichiarazione-di-accessibilita\/"},"modified":"2026-03-13T09:25:31","modified_gmt":"2026-03-13T08:25:31","slug":"dichiarazione-di-accessibilita","status":"publish","type":"page","link":"https:\/\/tedeschiwines.com\/en\/dichiarazione-di-accessibilita\/","title":{"rendered":"Dichiarazione di accessibilit\u00e0"},"content":{"rendered":"\t\t<div data-elementor-type=\"wp-page\" data-elementor-id=\"3379\" class=\"elementor elementor-3379 elementor-3373\" data-elementor-post-type=\"page\">\n\t\t\t\t<div class=\"elementor-element elementor-element-5cd04f6 e-flex e-con-boxed e-con e-parent\" data-id=\"5cd04f6\" data-element_type=\"container\" data-e-type=\"container\">\n\t\t\t\t\t<div class=\"e-con-inner\">\n\t\t<div class=\"elementor-element elementor-element-cdc9f8f e-con-full e-flex e-con e-child\" data-id=\"cdc9f8f\" data-element_type=\"container\" data-e-type=\"container\">\n\t\t\t\t<div class=\"elementor-element elementor-element-bb1bbc9 elementor-widget__width-initial elementor-widget elementor-widget-heading\" data-id=\"bb1bbc9\" data-element_type=\"widget\" data-e-type=\"widget\" data-widget_type=\"heading.default\">\n\t\t\t\t\t<h1 class=\"elementor-heading-title elementor-size-default\">Dichiarazione di accessibilit\u00e0<\/h1>\t\t\t\t<\/div>\n\t\t\t\t<div class=\"elementor-element elementor-element-1033343 elementor-widget elementor-widget-text-editor\" data-id=\"1033343\" data-element_type=\"widget\" data-e-type=\"widget\" data-widget_type=\"text-editor.default\">\n\t\t\t\t\t\t\t\t\t<p><strong>Premessa<\/strong><br>Il Decreto Legislativo n. 82 del 27 maggio 2022 ha recepito la Direttiva (UE) 2019\/882 del Parlamento europeo e del Consiglio del 17 aprile 2019 sui requisiti di accessibilit\u00e0 dei prodotti e dei servizi.<\/p>\n<p class=\"MuiTypography-root MuiTypography-h3 css-q9aprc\">Linee guida sull\u2019accessibilit\u00e0 dei servizi, in attuazione dell\u2019art. 21 del Decreto Legislativo n. 82\/2022.<\/p>\n<p>Il decreto \u00e8 stato pubblicato nella Gazzetta Ufficiale (Serie Generale n. 152 del 01-07-2022) ed \u00e8 entrato in vigore il 16 luglio 2022, ma le relative disposizioni sono efficaci dal 28 giugno 2025.<\/p>\n<p>SOC. AGRICOLA F.LLI TEDESCHI SRL si impegna a rendere i propri siti web accessibili in conformit\u00e0 con la Legge n. 82 del 27 maggio 2022, che ha trasposto la Direttiva (UE) 2019\/882 del Parlamento Europeo e del Consiglio del 17 aprile 2019 sui requisiti di accessibilit\u00e0 di prodotti e servizi. Questa dichiarazione di accessibilit\u00e0 si applica ai siti web&nbsp;<a href=\"https:\/\/www.tedeschiwines.com\/\">https:\/\/www.tedeschiwines.com\/<\/a>.<\/p>\n<p class=\"MuiTypography-root MuiTypography-h2 css-1st51ro\">Stato di compatibilit\u00e0 con i requisiti<\/p>\n<p>Il sito web&nbsp;<a href=\"https:\/\/www.tedeschiwines.com\/\">https:\/\/www.tedeschiwines.com\/<\/a>&nbsp;\u00e8 parzialmente conforme ai requisiti dell&#8217;Annex A di UNI EN 301549:2018 (WCAG 2.1) a causa dei casi di non conformit\u00e0 e\/o delle eccezioni elencate di seguito. SOC. AGRICOLA F.LLI TEDESCHI SRL sta conducendo, insieme ai suoi fornitori, un&#8217;analisi volta a fare gli interventi necessari per rendere i siti in questione accessibili e conformi allo standard.<\/p>\n<p class=\"MuiTypography-root MuiTypography-h2 css-1st51ro\">Contenuti inaccessibili<\/p>\n<p><b>Il seguente contenuto non \u00e8 accessibile perch\u00e9 non \u00e8 compatibile con la norma armonizzata sottostante EN 301 549:<\/b><\/p>\n<p><\/p>\n<ul>\n<li>\n<p>Ci sono link senza testo di collegamento su tutte le pagine.<\/p>\n<\/li>\n<li>\n<p>In una pagina, il contrasto di un testo con lo sfondo \u00e8 troppo basso.<\/p>\n<\/li>\n<li>\n<p>La lingua memorizzata nell HTML non corrisponde alla lingua della pagina in diverse pagine.<\/p>\n<\/li>\n<li>\n<p>Ci sono valori non validi dell&#8217;attributo aria su tutte le pagine. Non sono riconosciuti dai lettori di schermo e quindi non vengono visualizzati correttamente.<\/p>\n<\/li>\n<li>\n<p>Un elemento genitore manca degli elementi figli corrispondenti in diverse pagine. Ci\u00f2 pu\u00f2 confondere gli utenti di screen reader, in quanto ci si aspetta un contenuto che invece non c&#8217;\u00e8.<\/p>\n<\/li>\n<\/ul>\n<p>Le evoluzioni apportate al codice e quelle future sono state e saranno sviluppate in conformit\u00e0 alle linee guida WCAG 2.2. La dichiarazione \u00e8 stata redatta il&nbsp;<b>13\/03\/2026<\/b>. \u00c8 stata effettuata utilizzando una valutazione conforme ai requisiti della Direttiva (UE) 2019\/882 attraverso un&#8217;autovalutazione effettuata direttamente dal fornitore. La dichiarazione \u00e8 stata creata con l&#8217;aiuto della tecnologia Eye-Able\u00ae di&nbsp;<b>Web Inclusion GmbH<\/b>. Ulteriori informazioni su Web Inclusion GmbH sono disponibili su&nbsp;<a href=\"https:\/\/eye-able.com\/\">https:\/\/eye-able.com\/<\/a>.<br>La dichiarazione \u00e8 stata verificata l&#8217;ultima volta il 13\/03\/2026.<\/p>\n<p>SOC. AGRICOLA F.LLI TEDESCHI SRL sta conducendo un&#8217;analisi con i propri fornitori per apportare le modifiche necessarie per rendere i siti in questione accessibili e conformi alle normative. SOC. AGRICOLA F.LLI TEDESCHI SRL, con l&#8217;obiettivo di migliorare progressivamente l&#8217;esperienza dei propri clienti web, ha inoltre implementato proattivamente il software SaaS Eye-Able\u00ae di Web Inclusion GmbH.<br>La funzionalit\u00e0 in questione consente di effettuare Audit al fine di scansionare singole pagine del sito per individuare barriere digitali, fornendo supporto compatibile che spiega l&#8217;errore e propone un codice alternativo per correggerlo e altri strumenti che permettono agli utenti dei siti web di utilizzare importanti funzioni che possano migliorarne la navigazione. L&#8217;azienda si impegna a sviluppare evoluzioni del codice passate e future in conformit\u00e0 alle linee guida WCAG 2.2.<\/p>\n<p class=\"MuiTypography-root MuiTypography-h2 css-1st51ro\">Feedback e dettagli di contatto<\/p>\n<p>Hai un commento o una nota sulle barriere presenti su questo sito? Contattaci. Ti spiegheremo quali barriere esistono e come abbiamo intenzione di migliorare i nostri ambienti digitali. Risponderemo alle tue domande il pi\u00f9 rapidamente possibile. Grazie per il tuo feedback. Per ulteriori info,puoi contattarci al seguente indirizzo:<\/p>\n<p>SOC. AGRICOLA F.LLI TEDESCHI SRL<br>Via Giuseppe Verdi, 4\/a<br>37029&nbsp;Pedemonte di Valpolicella<br><a href=\"mailto:info@tedeschiwines.com\" aria-label=\"Inviare un'e-mail a info@tedeschiwines.com\">info@tedeschiwines.com<\/a><br>Tel.:&nbsp;045 7701487<\/p>\n<p>Nella mail sar\u00e0 necessario indicare: Nome e cognome; Indirizzo della pagina web o sezioni del sito o area clienti oggetto della segnalazione; Descrizione chiara e concisa del problema riscontrato; Strumenti utilizzati (sistema operativo, browser, tecnologie assistive).<\/p>\n<p class=\"MuiTypography-root MuiTypography-h2 css-1st51ro\">AGID<\/p>\n<p>In caso di risposta insoddisfacente o di mancata risposta entro trenta giorni alla notifica o alla richiesta, l&#8217;interessato pu\u00f2 inviare una segnalazione all&#8217;AGID:<\/p>\n<p>AGID<br>Via Liszt 21<br>00144&nbsp;Roma<br><a href=\"mailto:protocollo@pec.agid.gov.it\" aria-label=\"Inviare un'e-mail a protocollo@pec.agid.gov.it\">protocollo@pec.agid.gov.it<\/a><br><a href=\"https:\/\/www.agid.gov.it\/\" target=\"_blank\" rel=\"noopener noreferrer\" aria-label=\"Aprire il sito web https:\/\/www.agid.gov.it\">https:\/\/www.agid.gov.it<\/a><\/p>\n<p class=\"MuiTypography-root MuiTypography-h2 css-1st51ro\">Disclaimer<\/p>\n<p>Il controllo automatico dei contenuti web \u00e8 stato effettuato il: 13\/03\/2026. Per i contenuti web, durante l\u2019accesso tramite Eye-Able, \u00e8 stato utilizzato il browser Google Chrome nella versione 136.0.7103.92. Garantiamo l\u2019accuratezza delle informazioni fornite per la versione dell\u2019applicazione testata con i parametri di browser e sistema operativo specificati. Utilizzando versioni o ambienti diversi, \u00e8 possibile una visualizzazione differente rispetto ai risultati qui riportati. Per una verifica completa, si raccomandano anche test manuali da parte del gestore del sito web.<\/p>\t\t\t\t\t\t\t\t<\/div>\n\t\t\t\t<\/div>\n\t\t\t\t\t<\/div>\n\t\t\t\t<\/div>\n\t\t\t\t<\/div>\n\t\t","protected":false},"excerpt":{"rendered":"<p>Dichiarazione di accessibilit\u00e0 PremessaIl Decreto Legislativo n. 82 del 27 maggio 2022 ha recepito la Direttiva (UE) 2019\/882 del Parlamento europeo e del Consiglio del 17 aprile 2019 sui requisiti di accessibilit\u00e0 dei prodotti e dei servizi. Linee guida sull\u2019accessibilit\u00e0 dei servizi, in attuazione dell\u2019art. 21 del Decreto Legislativo n. 82\/2022. Il decreto \u00e8 stato [&hellip;]<\/p>\n","protected":false},"author":1,"featured_media":0,"parent":0,"menu_order":1,"comment_status":"closed","ping_status":"closed","template":"","meta":{"_acf_changed":false,"footnotes":""},"class_list":["post-3379","page","type-page","status-publish","hentry"],"acf":[],"yoast_head":"<!-- This site is optimized with the Yoast SEO plugin v27.1.1 - https:\/\/yoast.com\/product\/yoast-seo-wordpress\/ -->\n<title>Dichiarazione di accessibilit\u00e0 - Tedeschi Wines<\/title>\n<meta name=\"robots\" content=\"index, follow, max-snippet:-1, max-image-preview:large, max-video-preview:-1\" \/>\n<link rel=\"canonical\" href=\"https:\/\/tedeschiwines.com\/en\/dichiarazione-di-accessibilita\/\" \/>\n<meta property=\"og:locale\" content=\"en_US\" \/>\n<meta property=\"og:type\" content=\"article\" \/>\n<meta property=\"og:title\" content=\"Dichiarazione di accessibilit\u00e0 - Tedeschi Wines\" \/>\n<meta property=\"og:description\" content=\"Dichiarazione di accessibilit\u00e0 PremessaIl Decreto Legislativo n. 82 del 27 maggio 2022 ha recepito la Direttiva (UE) 2019\/882 del Parlamento europeo e del Consiglio del 17 aprile 2019 sui requisiti di accessibilit\u00e0 dei prodotti e dei servizi. Linee guida sull\u2019accessibilit\u00e0 dei servizi, in attuazione dell\u2019art. 21 del Decreto Legislativo n. 82\/2022. Il decreto \u00e8 stato [&hellip;]\" \/>\n<meta property=\"og:url\" content=\"https:\/\/tedeschiwines.com\/en\/dichiarazione-di-accessibilita\/\" \/>\n<meta property=\"og:site_name\" content=\"Tedeschi Wines\" \/>\n<meta name=\"twitter:card\" content=\"summary_large_image\" \/>\n<meta name=\"twitter:label1\" content=\"Est. reading time\" \/>\n\t<meta name=\"twitter:data1\" content=\"4 minutes\" \/>\n<script type=\"application\/ld+json\" class=\"yoast-schema-graph\">{\"@context\":\"https:\/\/schema.org\",\"@graph\":[{\"@type\":\"WebPage\",\"@id\":\"https:\/\/tedeschiwines.com\/en\/dichiarazione-di-accessibilita\/\",\"url\":\"https:\/\/tedeschiwines.com\/en\/dichiarazione-di-accessibilita\/\",\"name\":\"Dichiarazione di accessibilit\u00e0 - Tedeschi Wines\",\"isPartOf\":{\"@id\":\"https:\/\/tedeschiwines.com\/en\/#website\"},\"datePublished\":\"2026-03-13T08:25:31+00:00\",\"breadcrumb\":{\"@id\":\"https:\/\/tedeschiwines.com\/en\/dichiarazione-di-accessibilita\/#breadcrumb\"},\"inLanguage\":\"en-US\",\"potentialAction\":[{\"@type\":\"ReadAction\",\"target\":[\"https:\/\/tedeschiwines.com\/en\/dichiarazione-di-accessibilita\/\"]}]},{\"@type\":\"BreadcrumbList\",\"@id\":\"https:\/\/tedeschiwines.com\/en\/dichiarazione-di-accessibilita\/#breadcrumb\",\"itemListElement\":[{\"@type\":\"ListItem\",\"position\":1,\"name\":\"Home\",\"item\":\"https:\/\/tedeschiwines.com\/en\/\"},{\"@type\":\"ListItem\",\"position\":2,\"name\":\"Dichiarazione di accessibilit\u00e0\"}]},{\"@type\":\"WebSite\",\"@id\":\"https:\/\/tedeschiwines.com\/en\/#website\",\"url\":\"https:\/\/tedeschiwines.com\/en\/\",\"name\":\"Tedeschi Wines\",\"description\":\"Il senso del luogo di un vino e la firma aromatica dei cru Tedeschi\",\"publisher\":{\"@id\":\"https:\/\/tedeschiwines.com\/en\/#organization\"},\"alternateName\":\"Tedeschi Wines\",\"potentialAction\":[{\"@type\":\"SearchAction\",\"target\":{\"@type\":\"EntryPoint\",\"urlTemplate\":\"https:\/\/tedeschiwines.com\/en\/?s={search_term_string}\"},\"query-input\":{\"@type\":\"PropertyValueSpecification\",\"valueRequired\":true,\"valueName\":\"search_term_string\"}}],\"inLanguage\":\"en-US\"},{\"@type\":\"Organization\",\"@id\":\"https:\/\/tedeschiwines.com\/en\/#organization\",\"name\":\"Tedeschi Wines\",\"alternateName\":\"Tedeschi Wines\",\"url\":\"https:\/\/tedeschiwines.com\/en\/\",\"logo\":{\"@type\":\"ImageObject\",\"inLanguage\":\"en-US\",\"@id\":\"https:\/\/tedeschiwines.com\/en\/#\/schema\/logo\/image\/\",\"url\":\"https:\/\/tedeschiwines.com\/wp-content\/uploads\/2025\/11\/tedeschi.svg\",\"contentUrl\":\"https:\/\/tedeschiwines.com\/wp-content\/uploads\/2025\/11\/tedeschi.svg\",\"width\":129,\"height\":60,\"caption\":\"Tedeschi Wines\"},\"image\":{\"@id\":\"https:\/\/tedeschiwines.com\/en\/#\/schema\/logo\/image\/\"}}]}<\/script>\n<!-- \/ Yoast SEO plugin. -->","yoast_head_json":{"title":"Dichiarazione di accessibilit\u00e0 - Tedeschi Wines","robots":{"index":"index","follow":"follow","max-snippet":"max-snippet:-1","max-image-preview":"max-image-preview:large","max-video-preview":"max-video-preview:-1"},"canonical":"https:\/\/tedeschiwines.com\/en\/dichiarazione-di-accessibilita\/","og_locale":"en_US","og_type":"article","og_title":"Dichiarazione di accessibilit\u00e0 - Tedeschi Wines","og_description":"Dichiarazione di accessibilit\u00e0 PremessaIl Decreto Legislativo n. 82 del 27 maggio 2022 ha recepito la Direttiva (UE) 2019\/882 del Parlamento europeo e del Consiglio del 17 aprile 2019 sui requisiti di accessibilit\u00e0 dei prodotti e dei servizi. Linee guida sull\u2019accessibilit\u00e0 dei servizi, in attuazione dell\u2019art. 21 del Decreto Legislativo n. 82\/2022. Il decreto \u00e8 stato [&hellip;]","og_url":"https:\/\/tedeschiwines.com\/en\/dichiarazione-di-accessibilita\/","og_site_name":"Tedeschi Wines","twitter_card":"summary_large_image","twitter_misc":{"Est. reading time":"4 minutes"},"schema":{"@context":"https:\/\/schema.org","@graph":[{"@type":"WebPage","@id":"https:\/\/tedeschiwines.com\/en\/dichiarazione-di-accessibilita\/","url":"https:\/\/tedeschiwines.com\/en\/dichiarazione-di-accessibilita\/","name":"Dichiarazione di accessibilit\u00e0 - Tedeschi Wines","isPartOf":{"@id":"https:\/\/tedeschiwines.com\/en\/#website"},"datePublished":"2026-03-13T08:25:31+00:00","breadcrumb":{"@id":"https:\/\/tedeschiwines.com\/en\/dichiarazione-di-accessibilita\/#breadcrumb"},"inLanguage":"en-US","potentialAction":[{"@type":"ReadAction","target":["https:\/\/tedeschiwines.com\/en\/dichiarazione-di-accessibilita\/"]}]},{"@type":"BreadcrumbList","@id":"https:\/\/tedeschiwines.com\/en\/dichiarazione-di-accessibilita\/#breadcrumb","itemListElement":[{"@type":"ListItem","position":1,"name":"Home","item":"https:\/\/tedeschiwines.com\/en\/"},{"@type":"ListItem","position":2,"name":"Dichiarazione di accessibilit\u00e0"}]},{"@type":"WebSite","@id":"https:\/\/tedeschiwines.com\/en\/#website","url":"https:\/\/tedeschiwines.com\/en\/","name":"Tedeschi Wines","description":"Il senso del luogo di un vino e la firma aromatica dei cru Tedeschi","publisher":{"@id":"https:\/\/tedeschiwines.com\/en\/#organization"},"alternateName":"Tedeschi Wines","potentialAction":[{"@type":"SearchAction","target":{"@type":"EntryPoint","urlTemplate":"https:\/\/tedeschiwines.com\/en\/?s={search_term_string}"},"query-input":{"@type":"PropertyValueSpecification","valueRequired":true,"valueName":"search_term_string"}}],"inLanguage":"en-US"},{"@type":"Organization","@id":"https:\/\/tedeschiwines.com\/en\/#organization","name":"Tedeschi Wines","alternateName":"Tedeschi Wines","url":"https:\/\/tedeschiwines.com\/en\/","logo":{"@type":"ImageObject","inLanguage":"en-US","@id":"https:\/\/tedeschiwines.com\/en\/#\/schema\/logo\/image\/","url":"https:\/\/tedeschiwines.com\/wp-content\/uploads\/2025\/11\/tedeschi.svg","contentUrl":"https:\/\/tedeschiwines.com\/wp-content\/uploads\/2025\/11\/tedeschi.svg","width":129,"height":60,"caption":"Tedeschi Wines"},"image":{"@id":"https:\/\/tedeschiwines.com\/en\/#\/schema\/logo\/image\/"}}]}},"_links":{"self":[{"href":"https:\/\/tedeschiwines.com\/en\/wp-json\/wp\/v2\/pages\/3379","targetHints":{"allow":["GET"]}}],"collection":[{"href":"https:\/\/tedeschiwines.com\/en\/wp-json\/wp\/v2\/pages"}],"about":[{"href":"https:\/\/tedeschiwines.com\/en\/wp-json\/wp\/v2\/types\/page"}],"author":[{"embeddable":true,"href":"https:\/\/tedeschiwines.com\/en\/wp-json\/wp\/v2\/users\/1"}],"replies":[{"embeddable":true,"href":"https:\/\/tedeschiwines.com\/en\/wp-json\/wp\/v2\/comments?post=3379"}],"version-history":[{"count":0,"href":"https:\/\/tedeschiwines.com\/en\/wp-json\/wp\/v2\/pages\/3379\/revisions"}],"wp:attachment":[{"href":"https:\/\/tedeschiwines.com\/en\/wp-json\/wp\/v2\/media?parent=3379"}],"curies":[{"name":"wp","href":"https:\/\/api.w.org\/{rel}","templated":true}]}}